{"id":1363,"date":"2020-10-08T16:44:33","date_gmt":"2020-10-08T16:44:33","guid":{"rendered":"https:\/\/ai.elisava.net\/?page_id=1363"},"modified":"2025-12-04T18:30:59","modified_gmt":"2025-12-04T18:30:59","slug":"voces","status":"publish","type":"page","link":"https:\/\/ai.elisava.net\/es\/voces\/","title":{"rendered":"Voces"},"content":{"rendered":"<h2><span style=\"text-decoration: underline;\">Voces<\/span> explora la pasi\u00f3n y los distintos enfoques del <span style=\"text-decoration: underline;\">dise\u00f1o gr\u00e1fico<\/span> a trav\u00e9s de <span style=\"text-decoration: underline;\">conversaciones en profundidad<\/span> entre nuestros invitados y nuestros profesores o colegas.<\/h2>\n","protected":false},"excerpt":{"rendered":"<p>Voces explora la pasi\u00f3n y los distintos enfoques del dise\u00f1o gr\u00e1fico a trav\u00e9s de conversaciones en profundidad entre nuestros invitados y nuestros profesores o colegas.<\/p>\n","protected":false},"author":1,"featured_media":0,"parent":0,"menu_order":11,"comment_status":"closed","ping_status":"closed","template":"app-controller\/voices.php","meta":{"_acf_changed":false,"footnotes":""},"categories":[],"class_list":["post-1363","page","type-page","status-publish","hentry"],"acf":[],"_links":{"self":[{"href":"https:\/\/ai.elisava.net\/es\/wp-json\/wp\/v2\/pages\/1363","targetHints":{"allow":["GET"]}}],"collection":[{"href":"https:\/\/ai.elisava.net\/es\/wp-json\/wp\/v2\/pages"}],"about":[{"href":"https:\/\/ai.elisava.net\/es\/wp-json\/wp\/v2\/types\/page"}],"author":[{"embeddable":true,"href":"https:\/\/ai.elisava.net\/es\/wp-json\/wp\/v2\/users\/1"}],"replies":[{"embeddable":true,"href":"https:\/\/ai.elisava.net\/es\/wp-json\/wp\/v2\/comments?post=1363"}],"version-history":[{"count":5,"href":"https:\/\/ai.elisava.net\/es\/wp-json\/wp\/v2\/pages\/1363\/revisions"}],"predecessor-version":[{"id":12003,"href":"https:\/\/ai.elisava.net\/es\/wp-json\/wp\/v2\/pages\/1363\/revisions\/12003"}],"wp:attachment":[{"href":"https:\/\/ai.elisava.net\/es\/wp-json\/wp\/v2\/media?parent=1363"}],"wp:term":[{"taxonomy":"category","embeddable":true,"href":"https:\/\/ai.elisava.net\/es\/wp-json\/wp\/v2\/categories?post=1363"}],"curies":[{"name":"wp","href":"https:\/\/api.w.org\/{rel}","templated":true}]}}