{"id":1334,"date":"2020-10-08T09:58:30","date_gmt":"2020-10-08T09:58:30","guid":{"rendered":"https:\/\/ai.elisava.net\/?page_id=1334"},"modified":"2020-10-27T22:11:10","modified_gmt":"2020-10-27T22:11:10","slug":"legal","status":"publish","type":"page","link":"https:\/\/ai.elisava.net\/es\/legal\/","title":{"rendered":"Aviso legal"},"content":{"rendered":"<h4>Con el fin de cumplir con la legalidad vigente y otorgar seguridad y confianza a todos sus usuarios, les informamos, en virtud de la Ley 34\/2002 de Servicios de la Sociedad de la Informaci\u00f3n y de Comercio Electr\u00f3nico, que esta p\u00e1gina Web es propiedad de la Fundaci\u00f3 Privada Elisava Escola Universit\u00e0ria (en adelante ELISAVA) con NIF n\u00ba G-63210215 y domicilio en La Rambla, 30-32, 08002 Barcelona e Inscrita en el Registro de Universidades, Centros y T\u00edtulos (RUCT) con el c\u00f3digo 08070210 mediante Decreto publicado en el Diari Oficial de la Generalitat de Catalunya el 07\/08\/1995.<\/h4>\n<h4>Para cualquier consulta o propuesta, cont\u00e1ctenos en el e-mail en <a href=\"mailto:elisava@elisava.net?Subject=Hello%20again\" target=\"_top\" rel=\"noopener noreferrer\">elisava@elisava.net<\/a> o llamando al tel\u00e9fono <a href=\"tel:+34933174715\">+34 93 317 47 15<\/a><\/h4>\n<h4>Esta p\u00e1gina Web se rige por la normativa exclusivamente aplicable en Espa\u00f1a, quedando sometida a ella, tanto nacionales como extranjeros que utilicen esta Web<\/h4>\n<h4><\/h4>\n<h4>El acceso a nuestra p\u00e1gina Web por parte del USUARIO es gratuito y est\u00e1 condicionado a la previa lectura y aceptaci\u00f3n integra, expresa y sin reservas de las presentes CONDICIONES GENERALES DE USO vigentes en el momento del acceso, que rogamos lea detenidamente. El USUARIO en el momento que utiliza nuestro portal, sus contenidos o servicios, acepta y se somete expresamente a las condiciones generales de uso del mismo. Si el usuario no estuviere de acuerdo con las presentes condiciones de uso, deber\u00e1 abstenerse de utilizar este portal y operar por medio del mismo.<\/h4>\n<h4>El suministro de datos personales a trav\u00e9s de nuestro portal requiere una edad m\u00ednima de 14 a\u00f1os, o en su caso, disponer de capacidad jur\u00eddica suficiente para contratar.<\/h4>\n<h4>En cualquier momento podremos modificar la presentaci\u00f3n y configuraci\u00f3n de nuestra Web, ampliar o reducir servicios, e incluso suprimirla de la Red, as\u00ed como los servicios y contenidos prestados, todo ello de forma unilateral y sin previo aviso.<\/h4>\n<h4><\/h4>\n<h4>A. Pr<span style=\"text-decoration: underline;\">opiedad Intelectual<\/span><\/h4>\n<h4><\/h4>\n<h4>Todos los contenidos, textos, im\u00e1genes, y c\u00f3digos fuente son propiedad de ELISAVA o de terceros que a los que se han adquirido sus derechos de explotaci\u00f3n, y est\u00e1n protegidos por los derechos de Propiedad Intelectual e Industrial.<\/h4>\n<h4>El usuario \u00fanicamente tiene derecho a un uso privado de los mismos, sin \u00e1nimo de lucro, y necesita autorizaci\u00f3n expresa para modificarlos, reproducirlos, explotarlos, distribuirlos o cualquier derecho perteneciente a su titular.<\/h4>\n<h4>ELISAVA es una marca registrada, y est\u00e1 prohibida su reproducci\u00f3n, imitaci\u00f3n, utilizaci\u00f3n o inserci\u00f3n de estas marcas sin nuestra debida autorizaci\u00f3n.<\/h4>\n<h4>El establecimiento de enlaces a nuestro portal no confiere ning\u00fan derecho sobre el mismo. Asimismo, el simple hecho de establecer un enlace a nuestra p\u00e1gina web no da derecho a otorgarse la categor\u00eda de colaborador o socio.<\/h4>\n<h4>Est\u00e1 absolutamente prohibida la imitaci\u00f3n ya sea total o parcial de nuestro portal.<\/h4>\n<h4><\/h4>\n<h4><span style=\"text-decoration: underline;\">B. Condiciones de Acceso<\/span><\/h4>\n<h4><\/h4>\n<h4>El acceso a nuestra p\u00e1gina Web es gratuito y no exige previa suscripci\u00f3n o registro. Sin embargo, determinados servicios como el acceso al Campus Virtual son de acceso restringido a determinados usuarios y requieren haber realizado un proceso de registro y la identificaci\u00f3n mediante contrase\u00f1as. Estos servicios quedar\u00e1n debidamente identificados en la Web.<\/h4>\n<h4>El env\u00edo de datos personales implica la aceptaci\u00f3n expresa por parte del USUARIO de nuestra pol\u00edtica de privacidad.<\/h4>\n<h4>El usuario debe acceder a nuestra p\u00e1gina Web conforme a la buena fe, las normas de orden p\u00fablico, a las presentes Condiciones Generales de uso. El acceso a nuestro sitio Web se realiza bajo la propia y exclusiva responsabilidad del usuario, que responder\u00e1 en todo caso de los da\u00f1os y perjuicios que pueda causar a terceros o a nosotros mismos.<\/h4>\n<h4>El usuario tiene expresamente prohibido la utilizaci\u00f3n y obtenci\u00f3n de los servicios, productos y contenidos ofrecidos en la presente p\u00e1gina web, por procedimientos distintos a los estipulados en las presentes condiciones de uso, y en su caso en las condiciones particulares que regulen la adquisici\u00f3n de determinados productos.<\/h4>\n<h4>Teniendo en cuenta la imposibilidad de control respecto a la informaci\u00f3n, contenidos y servicios que contengan otras websites a los que se pueda acceder a trav\u00e9s de los enlaces que nuestra p\u00e1gina web pueda poner a su disposici\u00f3n, le comunicamos que ELISAVA, queda eximida de cualquier responsabilidad por los da\u00f1os y perjuicios de toda clase que pudiesen derivar por la utilizaci\u00f3n de esas p\u00e1ginas web ajenas a nuestra empresa por parte del usuario.<\/h4>\n<h4>ELISAVA se reserva el derecho unilateral y sin preaviso de dar de baja a cualquier USUARIO que la organizaci\u00f3n entienda que ha vulnerado las condiciones que rigen el uso de nuestra p\u00e1gina web, sin que el USUARIO tenga derecho a reclamaci\u00f3n de ning\u00fan tipo por este tipo de acciones. Asimismo, se reserva el derecho de ejercitar las acciones legales oportunas contra aquellos que vulneren las presentes condiciones generales de uso, aceptando el USUARIO que la no iniciaci\u00f3n de estas acciones no constituye una renuncia formal a los mismas, permaneciendo \u00e9stas vigentes hasta los plazos legales de prescripci\u00f3n de las infracciones.<\/h4>\n<h4>Comunicaciones comerciales por correo electr\u00f3nico<\/h4>\n<h4>Teniendo en cuenta de que el principal medio de comunicaci\u00f3n entre ELISAVA y el USUARIO es por medio de la direcci\u00f3n de correo electr\u00f3nico facilitada, le informamos que utilizaremos este medio para todas la comunicaciones con los USUARIOS, incluidas las informaciones comerciales o notas informativas relacionadas con la finalidad de nuestro portal, y en consecuencia, en cumplimiento del art\u00edculo 21 de la Ley de Servicios de la Sociedad de la Informaci\u00f3n y Comercio electr\u00f3nico, que proh\u00edbe el env\u00edo de comunicaciones comerciales a trav\u00e9s del correo electr\u00f3nico que previamente no hayan sido autorizadas expresamente por los destinatarios de las mismas, le informamos que la aceptaci\u00f3n de las presentes condiciones de uso, implica su autorizaci\u00f3n expresamente para remitirle nuestros env\u00edos comerciales, publicitarios y promocionales. No obstante, si usted no desea recibir nuestras comunicaciones comerciales por correo electr\u00f3nico puede oponerse a las mismas en la direcci\u00f3n arriba indicada, o en cada envi\u00f3 que le remitamos.<\/h4>\n<h4>No nos hacemos responsables de la pol\u00edtica de privacidad respecto a los datos personales que pueda facilitar a terceros por medio de los enlaces disponibles en nuestra p\u00e1gina web.<\/h4>\n<h4>ELISAVA puede modificar las presentes pol\u00edticas de privacidad para adaptarlas a las modificaciones que se produzca en nuestra web, as\u00ed como modificaciones legislativas o jurisprudenciales sobre datos personales que vayan apareciendo, por lo que exige su lectura, cada vez que nos facilite sus datos a trav\u00e9s de esta Web.<\/h4>\n<p>&nbsp;<\/p>\n<h4><span style=\"text-decoration: underline;\">C. Responsabilidades<\/span><\/h4>\n<p>&nbsp;<\/p>\n<h4>Al poner a disposici\u00f3n del usuario esta p\u00e1gina Web queremos ofrecerle un servicio de calidad, utilizando la m\u00e1xima diligencia en la prestaci\u00f3n del mismo as\u00ed como en los medios tecnol\u00f3gicos utilizados. No obstante, no responderemos de la presencia de virus y otros elementos que de alg\u00fan modo puedan da\u00f1ar el sistema inform\u00e1tico del usuario.<\/h4>\n<p>El USUARIO asume la exenci\u00f3n de cualquier responsabilidad de ELISAVA por causas de fuerza mayor, incluidos los fallos tecnol\u00f3gicos propios o ajenos derivados del estado actual de la tecnolog\u00eda.<\/p>\n<p>El USUARIO tiene prohibido cualquier tipo de acci\u00f3n sobre nuestro portal que origine una excesiva sobrecarga de funcionamiento a nuestros sistemas inform\u00e1ticos, as\u00ed como la introducci\u00f3n de virus, o instalaci\u00f3n de robots, o software que altere el normal funcionamiento de nuestra web, o en definitiva pueda causar da\u00f1os a nuestros sistemas inform\u00e1ticos.<\/p>\n<h4><\/h4>\n<h4>El usuario asume toda la responsabilidad derivada del uso de nuestra p\u00e1gina web, siendo el \u00fanico responsable de todo efecto directo o indirecto que sobre la p\u00e1gina web se derive, incluyendo, de forma enunciativa y no limitativa, todo resultado econ\u00f3mico, t\u00e9cnico y\/o jur\u00eddico adverso, as\u00ed como la defraudaci\u00f3n de las expectativas generadas por nuestro portal, oblig\u00e1ndose el usuario a mantener indemne a ELISAVA por cualesquiera reclamaciones derivadas, directa o indirectamente de tales hechos.<\/h4>\n<p>ELISAVA queda exonerado de responsabilidad por cualquier reclamaci\u00f3n respecto a los derechos de propiedad intelectual de los art\u00edculos e im\u00e1genes publicadas en su portal, as\u00ed como, no garantiza la exactitud, veracidad y vigencia de los contenidos de esta p\u00e1gina web, ya sean propios, de terceros, o enlazables a otras web sites, quedando totalmente exonerada de cualquier responsabilidad derivada del uso de la mismos.<\/p>\n<p>ELISAVA queda exonerada de cualquier responsabilidad derivada de cualquier reclamaci\u00f3n, incluido el pago de honorarios a abogados, por las demandas y reclamaciones originadas por terceros por el incumplimiento por parte del USUARIO de nuestras condiciones de uso, acceso y pol\u00edtica de privacidad, o cualesquiera otra reclamaci\u00f3n por el incumplimiento de la legislaci\u00f3n vigente.<\/p>\n<p>El USUARIO reconoce que ha entendido toda la informaci\u00f3n respecto a las condiciones de uso de nuestro portal, y reconoce que son suficientes para la exclusi\u00f3n del error en las mismas, y por lo tanto, las acepta integra y expresamente.<\/p>\n<p>El USUARIO es plenamente consciente de que la mera navegaci\u00f3n por la presente p\u00e1gina web, as\u00ed como la utilizaci\u00f3n de sus servicios, implica la aceptaci\u00f3n de las presentes condiciones de uso.<\/p>\n<p>Todo lo referente a nuestra p\u00e1gina web, se rige exclusivamente por las leyes espa\u00f1olas. En el caso de que se produzca cualquier tipo de discrepancia o diferencia entre las partes en relaci\u00f3n con la interpretaci\u00f3n y contenido de la presente p\u00e1gina web, todas las partes se someten, con renuncia expresa a cualquier otro fuero, a los Juzgados y Tribunales competentes en cada caso.<\/p>\n<p>&nbsp;<\/p>\n<h4><span style=\"text-decoration: underline;\">D. Vigencia de las condiciones generales de acceso a la web<\/span><\/h4>\n<p>&nbsp;<\/p>\n<h4>Las presentes Condiciones Generales de Uso han sido modificadas con fecha 12\/3\/2015 En cualquier momento podemos proceder a su modificaci\u00f3n: por favor, compruebe la fecha de emisi\u00f3n en cada ocasi\u00f3n en que se conecte a nuestra p\u00e1gina Web y as\u00ed tendr\u00e1 la certeza de que no se ha producido modificaci\u00f3n alguna que le afecte.<\/h4>\n","protected":false},"excerpt":{"rendered":"<p>Con el fin de cumplir con la legalidad vigente y otorgar seguridad y confianza a todos sus usuarios, les informamos, en virtud de la Ley 34\/2002 de Servicios de la Sociedad de la Informaci\u00f3n y de Comercio Electr\u00f3nico, que esta p\u00e1gina Web es propiedad de la Fundaci\u00f3 Privada Elisava Escola Universit\u00e0ria (en adelante ELISAVA) con [&hellip;]<\/p>\n","protected":false},"author":1,"featured_media":0,"parent":0,"menu_order":17,"comment_status":"closed","ping_status":"closed","template":"app-controller\/legal.php","meta":{"_acf_changed":false,"footnotes":""},"categories":[],"class_list":["post-1334","page","type-page","status-publish","hentry"],"acf":[],"_links":{"self":[{"href":"https:\/\/ai.elisava.net\/es\/wp-json\/wp\/v2\/pages\/1334","targetHints":{"allow":["GET"]}}],"collection":[{"href":"https:\/\/ai.elisava.net\/es\/wp-json\/wp\/v2\/pages"}],"about":[{"href":"https:\/\/ai.elisava.net\/es\/wp-json\/wp\/v2\/types\/page"}],"author":[{"embeddable":true,"href":"https:\/\/ai.elisava.net\/es\/wp-json\/wp\/v2\/users\/1"}],"replies":[{"embeddable":true,"href":"https:\/\/ai.elisava.net\/es\/wp-json\/wp\/v2\/comments?post=1334"}],"version-history":[{"count":0,"href":"https:\/\/ai.elisava.net\/es\/wp-json\/wp\/v2\/pages\/1334\/revisions"}],"wp:attachment":[{"href":"https:\/\/ai.elisava.net\/es\/wp-json\/wp\/v2\/media?parent=1334"}],"wp:term":[{"taxonomy":"category","embeddable":true,"href":"https:\/\/ai.elisava.net\/es\/wp-json\/wp\/v2\/categories?post=1334"}],"curies":[{"name":"wp","href":"https:\/\/api.w.org\/{rel}","templated":true}]}}