{"id":1332,"date":"2020-10-08T09:58:18","date_gmt":"2020-10-08T09:58:18","guid":{"rendered":"https:\/\/ai.elisava.net\/?page_id=1332"},"modified":"2024-03-13T10:16:53","modified_gmt":"2024-03-13T10:16:53","slug":"cookies","status":"publish","type":"page","link":"https:\/\/ai.elisava.net\/es\/cookies\/","title":{"rendered":"Informaci\u00f3n sobre el uso de cookies"},"content":{"rendered":"<h4>Una cookie es informaci\u00f3n que se env\u00eda y almacena en el disco duro del ordenador del usuario a trav\u00e9s de su navegador cuando este se conecta a una web. Las cookies se pueden utilizar para recabar y almacenar datos del usuario mientras est\u00e1 conectado para facilitarle los servicios solicitados y que no se suelen conservar (Cookies de sesi\u00f3n), o para conservar los datos del usuario para otro tipo de servicios futuros y que se pueden conservar por tiempo indefinido (Cookies persistentes). Las cookies pueden ser propias o de terceros.<\/h4>\n<h4>Existen varios tipos de cookies:<\/h4>\n<ul>\n<li>\n<h4>Cookies t\u00e9cnicas que facilitan la navegaci\u00f3n del usuario y el uso de las diferentes opciones o servicios que ofrece la web: identificar la sesi\u00f3n, permitir el acceso a determinadas \u00e1reas, facilitar pedidos, compras, cumplimentaci\u00f3n de formularios, inscripciones, seguridad, facilitar funcionalidades (videos, redes sociales, etc.).<\/h4>\n<\/li>\n<\/ul>\n<ul>\n<li>\n<h4>Cookies de personalizaci\u00f3n que permiten al usuario acceder a los servicios seg\u00fan sus preferencias (idioma, navegador, configuraci\u00f3n, etc.).<\/h4>\n<\/li>\n<\/ul>\n<ul>\n<li>\n<h4>Cookies de an\u00e1lisis que permiten el an\u00e1lisis an\u00f3nimo del comportamiento de los usuarios de la web y que permiten medir la actividad del usuario y elaborar perfiles de navegaci\u00f3n con el fin objetivo mejorar los sitios web.<\/h4>\n<\/li>\n<\/ul>\n<ul>\n<li>\n<h4>Cookies publicitarias que permiten la gesti\u00f3n de los espacios publicitarios de la web.<\/h4>\n<\/li>\n<\/ul>\n<ul>\n<li>\n<h4>Cookies de publicidad personalizada que permiten la gesti\u00f3n\u00a0 de los espacios publicitarios de la web en base al comportamiento y h\u00e1bitos de navegaci\u00f3n del usuario, de los cuales se obtiene su perfil y, a partir de estos, es posible personalizar la publicidad que se muestra en el navegador del usuario.<\/h4>\n<\/li>\n<\/ul>\n<h4>Elisava utiliza cookies t\u00e9cnicas, de personalizaci\u00f3n y an\u00e1lisis, propias y de terceros,\u00a0 que en ning\u00fan caso tratan datos de car\u00e1cter personal sino que captan h\u00e1bitos de navegaci\u00f3n para fines publicitarios.<\/h4>\n<h4>Por ello, al acceder a nuestra web, en cumplimiento del art\u00edculo 22 de la Ley de Servicios de la Sociedad de la Informaci\u00f3n, hemos solicitado tu consentimiento para su uso.<\/h4>\n<h4>De todas formas, te informamos de que puedes activar o desactivar estas cookies siguiendo las instrucciones de tu navegador de Internet:<\/h4>\n<h4><\/h4>\n<h4>Chrome<\/h4>\n<h4>Configuraci\u00f3n &gt; Mostrar opciones avanzadas &gt; Privacidad &gt; Configuraci\u00f3n de contenido.<\/h4>\n<h4><\/h4>\n<h4>Firefox<\/h4>\n<h4>Herramientas &gt; Opciones &gt; Privacidad &gt; Historial &gt; Configuraci\u00f3n Personalizada.<\/h4>\n<h4><\/h4>\n<h4>Internet Explorer<\/h4>\n<h4>Herramientas &gt; Opciones de Internet &gt; Privacidad &gt; Configuraci\u00f3n.<\/h4>\n<h4><\/h4>\n<h4>Safari<\/h4>\n<h4>Preferencias &gt; Seguridad.<\/h4>\n<h4><\/h4>\n<h4>Para m\u00e1s informaci\u00f3n, puedes consultar en la Ayuda de tu navegador o en las p\u00e1ginas de soporte de este:<\/h4>\n<h4>Chrome <a href=\"https:\/\/www.elisava.net\/Volumes\/COMPARTIDO\/CLIENTES\/16.%20LSSI\/support.google.com\">support.google.com<\/a><\/h4>\n<h4>FireFox <a href=\"https:\/\/www.elisava.net\/Volumes\/COMPARTIDO\/CLIENTES\/16.%20LSSI\/support.mozilla.org\">support.mozilla.org<\/a><\/h4>\n<h4>Internet Explorer <a href=\"https:\/\/www.elisava.net\/Volumes\/COMPARTIDO\/CLIENTES\/16.%20LSSI\/windows.microsoft.com%09%E5%A7%A0%EA%9F%BA%E1%B6%80%C4%80%E4%84%A1%E6%80%81%C4%80%E0%A0%80%ED%95%90%E8%88%90\">windows.microsoft.com<\/a><\/h4>\n<h4>Safari <a href=\"http:\/\/www.apple.com\/\">http:\/\/www.apple.com<\/a><\/h4>\n","protected":false},"excerpt":{"rendered":"<p>Una cookie es informaci\u00f3n que se env\u00eda y almacena en el disco duro del ordenador del usuario a trav\u00e9s de su navegador cuando este se conecta a una web. Las cookies se pueden utilizar para recabar y almacenar datos del usuario mientras est\u00e1 conectado para facilitarle los servicios solicitados y que no se suelen conservar [&hellip;]<\/p>\n","protected":false},"author":1,"featured_media":0,"parent":0,"menu_order":15,"comment_status":"closed","ping_status":"closed","template":"app-controller\/legal.php","meta":{"_acf_changed":false,"footnotes":""},"categories":[],"class_list":["post-1332","page","type-page","status-publish","hentry"],"acf":[],"_links":{"self":[{"href":"https:\/\/ai.elisava.net\/es\/wp-json\/wp\/v2\/pages\/1332","targetHints":{"allow":["GET"]}}],"collection":[{"href":"https:\/\/ai.elisava.net\/es\/wp-json\/wp\/v2\/pages"}],"about":[{"href":"https:\/\/ai.elisava.net\/es\/wp-json\/wp\/v2\/types\/page"}],"author":[{"embeddable":true,"href":"https:\/\/ai.elisava.net\/es\/wp-json\/wp\/v2\/users\/1"}],"replies":[{"embeddable":true,"href":"https:\/\/ai.elisava.net\/es\/wp-json\/wp\/v2\/comments?post=1332"}],"version-history":[{"count":1,"href":"https:\/\/ai.elisava.net\/es\/wp-json\/wp\/v2\/pages\/1332\/revisions"}],"predecessor-version":[{"id":9217,"href":"https:\/\/ai.elisava.net\/es\/wp-json\/wp\/v2\/pages\/1332\/revisions\/9217"}],"wp:attachment":[{"href":"https:\/\/ai.elisava.net\/es\/wp-json\/wp\/v2\/media?parent=1332"}],"wp:term":[{"taxonomy":"category","embeddable":true,"href":"https:\/\/ai.elisava.net\/es\/wp-json\/wp\/v2\/categories?post=1332"}],"curies":[{"name":"wp","href":"https:\/\/api.w.org\/{rel}","templated":true}]}}