{"id":1330,"date":"2020-10-08T09:58:06","date_gmt":"2020-10-08T09:58:06","guid":{"rendered":"https:\/\/ai.elisava.net\/?page_id=1330"},"modified":"2024-03-13T10:17:11","modified_gmt":"2024-03-13T10:17:11","slug":"privacidad","status":"publish","type":"page","link":"https:\/\/ai.elisava.net\/es\/privacidad\/","title":{"rendered":"Pol\u00edtica de privacidad y aviso legal"},"content":{"rendered":"<h4>La confidencialidad y la seguridad son valores primordiales de ELISAVA y en consecuencia, asumimos el compromiso de garantizar la privacidad del usuario en todo momento y de no recabar informaci\u00f3n innecesaria sobre el Usuario.<\/h4>\n<h4>De conformidad con la Ley Org\u00e1nica 15\/1999 de Protecci\u00f3n de Datos de Car\u00e1cter Personal (LOPD), y Real Decreto 1720\/2007 de desarrollo de la LOPD, le informamos que la utilizaci\u00f3n de determinados servicios en nuestra p\u00e1gina web requiere que nos facilite determinados datos personales a trav\u00e9s de formularios de registro o mediante el env\u00edo de mensajes de correo electr\u00f3nico y que \u00e9stos ser\u00e1n objeto de tratamiento e incorporados a los ficheros de ELISAVA, titular y responsable de los mismos. El env\u00edo referido de los datos personales constituye el consentimiento expreso al tratamiento de los mismos, si bien de car\u00e1cter revocable y sin efectos retroactivos.<\/h4>\n<h4>Asimismo le informamos que todos nuestros ficheros se encuentran legalmente inscritos en el Registro General de Datos Personales de la Autoridad Catalana de Protecci\u00f3n de Datos, as\u00ed como que para salvaguardar la seguridad de sus datos personales se aplicar\u00e1n las medidas de seguridad t\u00e9cnicas y organizativas exigidas en el Real Decreto 1720\/2007 que regula el reglamento de medidas de seguridad de los ficheros que contengan datos de car\u00e1cter personal.<\/h4>\n<h4>Con car\u00e1cter general, queda absolutamente prohibido facilitar datos personales de los menores de 14 a\u00f1os sin el consentimiento de padres o tutores legales.<\/h4>\n<h4>ELISAVA se reserva el derecho de decidir la incorporaci\u00f3n o no de sus datos personales a sus ficheros. El usuario ser\u00e1 el \u00fanico responsable de cualquier da\u00f1o o perjuicio, directo e indirecto, que nos ocasione a nosotros o a cualquier tercero por rellenar los formularios con datos falsos, inexactos, incompletos, no actualizados, o con datos de terceros.<\/h4>\n<h4><\/h4>\n<h4><span style=\"text-decoration: underline;\">Qu\u00e9 datos solicitamos y para qu\u00e9 finalidad<\/span><\/h4>\n<h4>Los datos que le solicitamos son los adecuados, pertinentes y estrictamente necesarios para la finalidad por la que se recogen, y en ning\u00fan caso est\u00e1 obligado a facilit\u00e1rnoslos, no obstante, todos son de obligada respuesta para poder cumplir con la finalidad de su solicitud.<\/h4>\n<h4>En diversas p\u00e1gina de nuestro sitio Web ponemos a su disposici\u00f3n direcciones de correo electr\u00f3nico, con la finalidad de que nos solicite cualquier tipo de informaci\u00f3n, aclaraci\u00f3n o duda. Si Usted incluye datos personales en su correo electr\u00f3nico, o su direcci\u00f3n contiene datos personales, nos autoriza a incorporarlos a nuestros ficheros correspondientes.<\/h4>\n<h4>Le informamos tambi\u00e9n que en el caso de recepci\u00f3n de su curr\u00edculum vitae a trav\u00e9s del correo electr\u00f3nico sus datos se incorporar\u00e1n a nuestros ficheros de Recursos Humanos con la finalidad de considerarlos en los casos en que se lleven a cabo procesos de selecci\u00f3n de personal presentes y futuros.<\/h4>\n<h4>En todos estos casos sus datos ser\u00e1n incorporados a un fichero de \u201cGESTI\u00d3N\u201d. La aceptaci\u00f3n de las presentes pol\u00edticas de privacidad implican el consentimiento del usuario para recibir nuestras informaciones comerciales relacionas con nuestra actividad, inclusive por medios electr\u00f3nicos, siempre y cuando Usted no nos indique lo contrario en el correo electr\u00f3nico <a href=\"mailto:elisava@elisava.net\">elisava@elisava.net<\/a><\/h4>\n<h4>ELISAVA, se reserva el derecho de decidir la incorporaci\u00f3n o no de sus datos personales a sus ficheros.<\/h4>\n<h4><\/h4>\n<h4><span style=\"text-decoration: underline;\">Derechos de acceso, rectificaci\u00f3n, cancelaci\u00f3n y oposici\u00f3n de sus datos personales<\/span><\/h4>\n<h4>En cualquier momento puede ejercer sus derechos de acceso, rectificaci\u00f3n, cancelaci\u00f3n y oposici\u00f3n, en los t\u00e9rminos establecidos legalmente, pudiendo dirigirse a la siguiente direcci\u00f3n: ELISAVA \u2013 Responsable de Datos Personales \u2013 La Rambla, 30-32 , 08002 Barcelona.<\/h4>\n<h4>Consideramos que si no cancela sus datos personales expresamente de nuestros ficheros, contin\u00faa interesado en seguir incorporado a los mismos hasta que lo consideremos oportuno y mientras sea adecuado a la finalidad por la que se obtuvieron.<\/h4>\n<h4><\/h4>\n<h4><span style=\"text-decoration: underline;\">Comunicaciones de datos<\/span><\/h4>\n<h4>Le informamos de que sus datos son tratados con la m\u00e1xima confidencialidad y que son utilizados exclusivamente de manera interna y para las finalidades indicadas. De manera que no cedemos ni comunicamos a ning\u00fan tercero sus datos, a excepci\u00f3n de que el usuario nos lo autorice expresamente, en los casos legalmente previstos.<\/h4>\n<h4><\/h4>\n<h4><span style=\"text-decoration: underline;\">Seguridad de sus datos personales<\/span><\/h4>\n<h4>Con el objetivo de salvaguardar la seguridad de sus datos personales, le informamos que hemos adoptado todas las medidas de \u00edndole t\u00e9cnica y organizativa necesarias para garantizar la seguridad de los datos personales suministrados de su alteraci\u00f3n, p\u00e9rdida, y tratamientos o accesos no autorizados, tal como exige el Real Decreto 1720\/2007 regula el reglamento de medidas de seguridad de los ficheros que contengan datos de car\u00e1cter personal.<\/h4>\n<h4>ELISAVA utiliza t\u00e9cnicas de seguridad de la informaci\u00f3n generalmente aceptada en la industria, tales como firewalls, procedimientos de control de acceso y mecanismos criptogr\u00e1ficos, todo ello con el objeto de evitar el acceso no autorizado de datos. Para lograr estos fines, el usuario\/cliente acepta que el prestador obtenga datos para efecto de la correspondiente autenticaci\u00f3n de los controles de acceso.<\/h4>\n<h4>Todo proceso de contrataci\u00f3n o que conlleve la introducci\u00f3n de datos personales (nombre, datos bancarios, direcciones,.) ser\u00e1n siempre transmitidos mediante protocolo de comunicaci\u00f3n segura (HTTPS:\/\/) de tal forma que ning\u00fan tercero tenga acceso a la informaci\u00f3n transmitida v\u00eda electr\u00f3nica<\/h4>\n<h4><\/h4>\n<h4><span style=\"text-decoration: underline;\">Actualizaci\u00f3n de sus datos<\/span><\/h4>\n","protected":false},"excerpt":{"rendered":"<p>La confidencialidad y la seguridad son valores primordiales de ELISAVA y en consecuencia, asumimos el compromiso de garantizar la privacidad del usuario en todo momento y de no recabar informaci\u00f3n innecesaria sobre el Usuario. De conformidad con la Ley Org\u00e1nica 15\/1999 de Protecci\u00f3n de Datos de Car\u00e1cter Personal (LOPD), y Real Decreto 1720\/2007 de desarrollo [&hellip;]<\/p>\n","protected":false},"author":1,"featured_media":0,"parent":0,"menu_order":14,"comment_status":"closed","ping_status":"closed","template":"app-controller\/legal.php","meta":{"_acf_changed":false,"footnotes":""},"categories":[],"class_list":["post-1330","page","type-page","status-publish","hentry"],"acf":[],"_links":{"self":[{"href":"https:\/\/ai.elisava.net\/es\/wp-json\/wp\/v2\/pages\/1330","targetHints":{"allow":["GET"]}}],"collection":[{"href":"https:\/\/ai.elisava.net\/es\/wp-json\/wp\/v2\/pages"}],"about":[{"href":"https:\/\/ai.elisava.net\/es\/wp-json\/wp\/v2\/types\/page"}],"author":[{"embeddable":true,"href":"https:\/\/ai.elisava.net\/es\/wp-json\/wp\/v2\/users\/1"}],"replies":[{"embeddable":true,"href":"https:\/\/ai.elisava.net\/es\/wp-json\/wp\/v2\/comments?post=1330"}],"version-history":[{"count":1,"href":"https:\/\/ai.elisava.net\/es\/wp-json\/wp\/v2\/pages\/1330\/revisions"}],"predecessor-version":[{"id":9218,"href":"https:\/\/ai.elisava.net\/es\/wp-json\/wp\/v2\/pages\/1330\/revisions\/9218"}],"wp:attachment":[{"href":"https:\/\/ai.elisava.net\/es\/wp-json\/wp\/v2\/media?parent=1330"}],"wp:term":[{"taxonomy":"category","embeddable":true,"href":"https:\/\/ai.elisava.net\/es\/wp-json\/wp\/v2\/categories?post=1330"}],"curies":[{"name":"wp","href":"https:\/\/api.w.org\/{rel}","templated":true}]}}